{"id":1214,"date":"2023-07-28T10:23:15","date_gmt":"2023-07-28T15:23:15","guid":{"rendered":"https:\/\/surtiabrasivos.com\/?post_type=product&#038;p=1214"},"modified":"2023-10-25T09:11:52","modified_gmt":"2023-10-25T14:11:52","slug":"vidrio-careta-soldar","status":"publish","type":"product","link":"https:\/\/surtiabrasivos.com\/index.php\/producto\/vidrio-careta-soldar\/","title":{"rendered":"VIDRIO CARETA SOLDAR"},"content":{"rendered":"","protected":false},"excerpt":{"rendered":"<p class=\"_04xlpA direction-ltr align-start para-style-body\"><strong><span class=\"WdYUQQ text-decoration-none text-strikethrough-none\">CARACTERISTICAS<\/span><\/strong><\/p>\n<p class=\"_04xlpA direction-ltr align-start para-style-body\"><span class=\"WdYUQQ text-decoration-none text-strikethrough-none\">NEGRO -CUADRADO No 12<\/span><\/p>\n<p class=\"_04xlpA direction-ltr align-start para-style-body\"><span class=\"WdYUQQ text-decoration-none text-strikethrough-none\">Seguridad industrial<\/span><\/p>\n<p class=\"_04xlpA direction-ltr align-start para-style-body\"><span class=\"WdYUQQ text-decoration-none text-strikethrough-none\">Estos cristales est\u00e1n dise\u00f1ados para garantizar protecci\u00f3n visual contra los da\u00f1inos rayos UV\/IR emitidos durante el proceso de soldadura. VIDRIO CARETA SOLDAR<\/span><\/p>\n","protected":false},"featured_media":1068,"template":"","meta":{"site-sidebar-layout":"default","site-content-layout":"default","ast-global-header-display":"","ast-banner-title-visibility":"","ast-main-header-display":"","ast-hfb-above-header-display":"","ast-hfb-below-header-display":"","ast-hfb-mobile-header-display":"","site-post-title":"","ast-breadcrumbs-content":"","ast-featured-img":"","footer-sml-layout":"","theme-transparent-header-meta":"default","adv-header-id-meta":"","stick-header-meta":"","header-above-stick-meta":"","header-main-stick-meta":"","header-below-stick-meta":""},"product_cat":[34,35],"product_tag":[],"_links":{"self":[{"href":"https:\/\/surtiabrasivos.com\/index.php\/wp-json\/wp\/v2\/product\/1214"}],"collection":[{"href":"https:\/\/surtiabrasivos.com\/index.php\/wp-json\/wp\/v2\/product"}],"about":[{"href":"https:\/\/surtiabrasivos.com\/index.php\/wp-json\/wp\/v2\/types\/product"}],"wp:featuredmedia":[{"embeddable":true,"href":"https:\/\/surtiabrasivos.com\/index.php\/wp-json\/wp\/v2\/media\/1068"}],"wp:attachment":[{"href":"https:\/\/surtiabrasivos.com\/index.php\/wp-json\/wp\/v2\/media?parent=1214"}],"wp:term":[{"taxonomy":"product_cat","embeddable":true,"href":"https:\/\/surtiabrasivos.com\/index.php\/wp-json\/wp\/v2\/product_cat?post=1214"},{"taxonomy":"product_tag","embeddable":true,"href":"https:\/\/surtiabrasivos.com\/index.php\/wp-json\/wp\/v2\/product_tag?post=1214"}],"curies":[{"name":"wp","href":"https:\/\/api.w.org\/{rel}","templated":true}]}}