{"id":1209,"date":"2023-07-28T10:16:26","date_gmt":"2023-07-28T15:16:26","guid":{"rendered":"https:\/\/surtiabrasivos.com\/?post_type=product&#038;p=1209"},"modified":"2023-09-19T17:25:29","modified_gmt":"2023-09-19T22:25:29","slug":"sol-fundicion-gricast-1","status":"publish","type":"product","link":"https:\/\/surtiabrasivos.com\/index.php\/producto\/sol-fundicion-gricast-1\/","title":{"rendered":"SOL. FUNDICI\u00d3N GRICAST 1"},"content":{"rendered":"","protected":false},"excerpt":{"rendered":"<p><span class=\"WdYUQQ text-decoration-none text-strikethrough-none\">Electrodo de revestimiento graf\u00edtico-b\u00e1sico conductor de la electricidad, lo cual le permite operar con bajas densidades de corriente, facilitando su empleo con t\u00e9cnicas de soldadura en fr\u00edo. Sus dep\u00f3sitos son de alto tenor de n\u00edquel, d\u00factiles, resistentes a la fisuraci\u00f3n, maquinables y de buena apariencia.<\/span><\/p>\n<p>SOL. FUNDICI\u00d3N GRICAST 1<\/p>\n","protected":false},"featured_media":1063,"template":"","meta":{"site-sidebar-layout":"default","site-content-layout":"default","ast-global-header-display":"","ast-banner-title-visibility":"","ast-main-header-display":"","ast-hfb-above-header-display":"","ast-hfb-below-header-display":"","ast-hfb-mobile-header-display":"","site-post-title":"","ast-breadcrumbs-content":"","ast-featured-img":"","footer-sml-layout":"","theme-transparent-header-meta":"default","adv-header-id-meta":"","stick-header-meta":"","header-above-stick-meta":"","header-main-stick-meta":"","header-below-stick-meta":""},"product_cat":[35],"product_tag":[],"_links":{"self":[{"href":"https:\/\/surtiabrasivos.com\/index.php\/wp-json\/wp\/v2\/product\/1209"}],"collection":[{"href":"https:\/\/surtiabrasivos.com\/index.php\/wp-json\/wp\/v2\/product"}],"about":[{"href":"https:\/\/surtiabrasivos.com\/index.php\/wp-json\/wp\/v2\/types\/product"}],"wp:featuredmedia":[{"embeddable":true,"href":"https:\/\/surtiabrasivos.com\/index.php\/wp-json\/wp\/v2\/media\/1063"}],"wp:attachment":[{"href":"https:\/\/surtiabrasivos.com\/index.php\/wp-json\/wp\/v2\/media?parent=1209"}],"wp:term":[{"taxonomy":"product_cat","embeddable":true,"href":"https:\/\/surtiabrasivos.com\/index.php\/wp-json\/wp\/v2\/product_cat?post=1209"},{"taxonomy":"product_tag","embeddable":true,"href":"https:\/\/surtiabrasivos.com\/index.php\/wp-json\/wp\/v2\/product_tag?post=1209"}],"curies":[{"name":"wp","href":"https:\/\/api.w.org\/{rel}","templated":true}]}}