{"id":1202,"date":"2023-07-28T10:06:50","date_gmt":"2023-07-28T15:06:50","guid":{"rendered":"https:\/\/surtiabrasivos.com\/?post_type=product&#038;p=1202"},"modified":"2023-09-19T17:28:35","modified_gmt":"2023-09-19T22:28:35","slug":"tapa-oidos-llavero","status":"publish","type":"product","link":"https:\/\/surtiabrasivos.com\/index.php\/producto\/tapa-oidos-llavero\/","title":{"rendered":"TAPA OIDOS LLAVERO"},"content":{"rendered":"","protected":false},"excerpt":{"rendered":"<p class=\"_04xlpA direction-ltr align-justify para-style-body\"><strong><span class=\"WdYUQQ text-decoration-none text-strikethrough-none\">CARACTERISTICAS<\/span><\/strong><\/p>\n<p class=\"_04xlpA direction-ltr align-justify para-style-body\"><span class=\"WdYUQQ text-decoration-none text-strikethrough-none\">Los tapones para los o\u00eddos son una prenda de protecci\u00f3n que se inserta en el canal auditivo externo para evitar da-\u00f1ar la capacidad de audici\u00f3n de quien los lleva. Se usan en ambientes con rui-dos muy fuertes, o para evitar que entre el agua, arena o viento.<\/span><\/p>\n<p>TAPA OIDOS LLAVERO<\/p>\n","protected":false},"featured_media":1057,"template":"","meta":{"site-sidebar-layout":"default","site-content-layout":"default","ast-global-header-display":"","ast-banner-title-visibility":"","ast-main-header-display":"","ast-hfb-above-header-display":"","ast-hfb-below-header-display":"","ast-hfb-mobile-header-display":"","site-post-title":"","ast-breadcrumbs-content":"","ast-featured-img":"","footer-sml-layout":"","theme-transparent-header-meta":"default","adv-header-id-meta":"","stick-header-meta":"","header-above-stick-meta":"","header-main-stick-meta":"","header-below-stick-meta":""},"product_cat":[34],"product_tag":[],"_links":{"self":[{"href":"https:\/\/surtiabrasivos.com\/index.php\/wp-json\/wp\/v2\/product\/1202"}],"collection":[{"href":"https:\/\/surtiabrasivos.com\/index.php\/wp-json\/wp\/v2\/product"}],"about":[{"href":"https:\/\/surtiabrasivos.com\/index.php\/wp-json\/wp\/v2\/types\/product"}],"wp:featuredmedia":[{"embeddable":true,"href":"https:\/\/surtiabrasivos.com\/index.php\/wp-json\/wp\/v2\/media\/1057"}],"wp:attachment":[{"href":"https:\/\/surtiabrasivos.com\/index.php\/wp-json\/wp\/v2\/media?parent=1202"}],"wp:term":[{"taxonomy":"product_cat","embeddable":true,"href":"https:\/\/surtiabrasivos.com\/index.php\/wp-json\/wp\/v2\/product_cat?post=1202"},{"taxonomy":"product_tag","embeddable":true,"href":"https:\/\/surtiabrasivos.com\/index.php\/wp-json\/wp\/v2\/product_tag?post=1202"}],"curies":[{"name":"wp","href":"https:\/\/api.w.org\/{rel}","templated":true}]}}