{"id":1193,"date":"2023-07-28T09:57:09","date_gmt":"2023-07-28T14:57:09","guid":{"rendered":"https:\/\/surtiabrasivos.com\/?post_type=product&#038;p=1193"},"modified":"2023-09-19T17:35:11","modified_gmt":"2023-09-19T22:35:11","slug":"gafa-de-seguridad-pata-negra","status":"publish","type":"product","link":"https:\/\/surtiabrasivos.com\/index.php\/producto\/gafa-de-seguridad-pata-negra\/","title":{"rendered":"GAFA DE SEGURIDAD &#8211; PATA NEGRA"},"content":{"rendered":"","protected":false},"excerpt":{"rendered":"<p class=\"_04xlpA direction-ltr align-justify para-style-body\"><strong><span class=\"WdYUQQ text-decoration-none text-strikethrough-none\">CARACTERISTICAS<\/span><\/strong><\/p>\n<p class=\"_04xlpA direction-ltr align-justify para-style-body\"><span class=\"WdYUQQ text-decoration-none text-strikethrough-none\">Para uso general en : construcci\u00f3n, hobby, hogar<\/span><\/p>\n<p class=\"_04xlpA direction-ltr align-justify para-style-body\"><span class=\"WdYUQQ text-decoration-none text-strikethrough-none\">Color: Negro y Transparente<\/span><\/p>\n<p class=\"_04xlpA direction-ltr align-justify para-style-body\"><span class=\"WdYUQQ text-decoration-none text-strikethrough-none\">Excelente protecci\u00f3n y estilo deportivo con un dise\u00f1o contempor\u00e1neo elegante. Patillas flexibles y suaves para un m\u00e1ximo de confort.<\/span><\/p>\n<p>GAFA DE SEGURIDAD &#8211; PATA NEGRA<\/p>\n","protected":false},"featured_media":1050,"template":"","meta":{"site-sidebar-layout":"default","site-content-layout":"default","ast-global-header-display":"","ast-banner-title-visibility":"","ast-main-header-display":"","ast-hfb-above-header-display":"","ast-hfb-below-header-display":"","ast-hfb-mobile-header-display":"","site-post-title":"","ast-breadcrumbs-content":"","ast-featured-img":"","footer-sml-layout":"","theme-transparent-header-meta":"default","adv-header-id-meta":"","stick-header-meta":"","header-above-stick-meta":"","header-main-stick-meta":"","header-below-stick-meta":""},"product_cat":[34],"product_tag":[],"_links":{"self":[{"href":"https:\/\/surtiabrasivos.com\/index.php\/wp-json\/wp\/v2\/product\/1193"}],"collection":[{"href":"https:\/\/surtiabrasivos.com\/index.php\/wp-json\/wp\/v2\/product"}],"about":[{"href":"https:\/\/surtiabrasivos.com\/index.php\/wp-json\/wp\/v2\/types\/product"}],"wp:featuredmedia":[{"embeddable":true,"href":"https:\/\/surtiabrasivos.com\/index.php\/wp-json\/wp\/v2\/media\/1050"}],"wp:attachment":[{"href":"https:\/\/surtiabrasivos.com\/index.php\/wp-json\/wp\/v2\/media?parent=1193"}],"wp:term":[{"taxonomy":"product_cat","embeddable":true,"href":"https:\/\/surtiabrasivos.com\/index.php\/wp-json\/wp\/v2\/product_cat?post=1193"},{"taxonomy":"product_tag","embeddable":true,"href":"https:\/\/surtiabrasivos.com\/index.php\/wp-json\/wp\/v2\/product_tag?post=1193"}],"curies":[{"name":"wp","href":"https:\/\/api.w.org\/{rel}","templated":true}]}}